{"id":17,"date":"2026-05-03T22:16:34","date_gmt":"2026-05-04T01:16:34","guid":{"rendered":"http:\/\/localhost:8082\/?product=caixa-presente-personalizada-3d"},"modified":"2026-05-03T22:16:34","modified_gmt":"2026-05-04T01:16:34","slug":"caixa-presente-personalizada-3d","status":"publish","type":"product","link":"https:\/\/mrencantare.com.br\/?product=caixa-presente-personalizada-3d","title":{"rendered":"Caixa presente personalizada 3D"},"content":{"rendered":"<p>Pe\u00e7a personalizada com acabamento delicado, ideal para transformar pequenos presentes em experi\u00eancias memor\u00e1veis.<\/p>\n","protected":false},"excerpt":{"rendered":"<p>Caixa decorativa impressa em 3D para presentes especiais e lembran\u00e7as afetivas.<\/p>\n","protected":false},"featured_media":0,"comment_status":"open","ping_status":"closed","template":"","meta":[],"product_brand":[],"product_cat":[16],"product_tag":[],"class_list":{"0":"post-17","1":"product","2":"type-product","3":"status-publish","5":"product_cat-presentes-personalizados","7":"first","8":"instock","9":"featured","10":"shipping-taxable","11":"purchasable","12":"product-type-simple"},"_links":{"self":[{"href":"https:\/\/mrencantare.com.br\/index.php?rest_route=\/wp\/v2\/product\/17","targetHints":{"allow":["GET"]}}],"collection":[{"href":"https:\/\/mrencantare.com.br\/index.php?rest_route=\/wp\/v2\/product"}],"about":[{"href":"https:\/\/mrencantare.com.br\/index.php?rest_route=\/wp\/v2\/types\/product"}],"replies":[{"embeddable":true,"href":"https:\/\/mrencantare.com.br\/index.php?rest_route=%2Fwp%2Fv2%2Fcomments&post=17"}],"wp:attachment":[{"href":"https:\/\/mrencantare.com.br\/index.php?rest_route=%2Fwp%2Fv2%2Fmedia&parent=17"}],"wp:term":[{"taxonomy":"product_brand","embeddable":true,"href":"https:\/\/mrencantare.com.br\/index.php?rest_route=%2Fwp%2Fv2%2Fproduct_brand&post=17"},{"taxonomy":"product_cat","embeddable":true,"href":"https:\/\/mrencantare.com.br\/index.php?rest_route=%2Fwp%2Fv2%2Fproduct_cat&post=17"},{"taxonomy":"product_tag","embeddable":true,"href":"https:\/\/mrencantare.com.br\/index.php?rest_route=%2Fwp%2Fv2%2Fproduct_tag&post=17"}],"curies":[{"name":"wp","href":"https:\/\/api.w.org\/{rel}","templated":true}]}}