{"id":18,"date":"2026-05-03T22:16:34","date_gmt":"2026-05-04T01:16:34","guid":{"rendered":"http:\/\/localhost:8082\/?product=vaso-decorativo-organico"},"modified":"2026-05-03T22:16:34","modified_gmt":"2026-05-04T01:16:34","slug":"vaso-decorativo-organico","status":"publish","type":"product","link":"https:\/\/mrencantare.com.br\/?product=vaso-decorativo-organico","title":{"rendered":"Vaso decorativo org\u00e2nico"},"content":{"rendered":"<p>Item decorativo produzido em impress\u00e3o 3D para compor ambientes criativos, afetivos e contempor\u00e2neos.<\/p>\n","protected":false},"excerpt":{"rendered":"<p>Vaso de mesa com desenho org\u00e2nico para decora\u00e7\u00e3o sofisticada.<\/p>\n","protected":false},"featured_media":0,"comment_status":"open","ping_status":"closed","template":"","meta":[],"product_brand":[],"product_cat":[17],"product_tag":[],"class_list":{"0":"post-18","1":"product","2":"type-product","3":"status-publish","5":"product_cat-decoracao","7":"first","8":"instock","9":"featured","10":"shipping-taxable","11":"purchasable","12":"product-type-simple"},"_links":{"self":[{"href":"https:\/\/mrencantare.com.br\/index.php?rest_route=\/wp\/v2\/product\/18","targetHints":{"allow":["GET"]}}],"collection":[{"href":"https:\/\/mrencantare.com.br\/index.php?rest_route=\/wp\/v2\/product"}],"about":[{"href":"https:\/\/mrencantare.com.br\/index.php?rest_route=\/wp\/v2\/types\/product"}],"replies":[{"embeddable":true,"href":"https:\/\/mrencantare.com.br\/index.php?rest_route=%2Fwp%2Fv2%2Fcomments&post=18"}],"wp:attachment":[{"href":"https:\/\/mrencantare.com.br\/index.php?rest_route=%2Fwp%2Fv2%2Fmedia&parent=18"}],"wp:term":[{"taxonomy":"product_brand","embeddable":true,"href":"https:\/\/mrencantare.com.br\/index.php?rest_route=%2Fwp%2Fv2%2Fproduct_brand&post=18"},{"taxonomy":"product_cat","embeddable":true,"href":"https:\/\/mrencantare.com.br\/index.php?rest_route=%2Fwp%2Fv2%2Fproduct_cat&post=18"},{"taxonomy":"product_tag","embeddable":true,"href":"https:\/\/mrencantare.com.br\/index.php?rest_route=%2Fwp%2Fv2%2Fproduct_tag&post=18"}],"curies":[{"name":"wp","href":"https:\/\/api.w.org\/{rel}","templated":true}]}}