{"id":20,"date":"2026-05-03T22:16:34","date_gmt":"2026-05-04T01:16:34","guid":{"rendered":"http:\/\/localhost:8082\/?product=lembranca-de-data-especial"},"modified":"2026-05-03T22:16:34","modified_gmt":"2026-05-04T01:16:34","slug":"lembranca-de-data-especial","status":"publish","type":"product","link":"https:\/\/mrencantare.com.br\/?product=lembranca-de-data-especial","title":{"rendered":"Lembran\u00e7a de data especial"},"content":{"rendered":"<p>Cria\u00e7\u00e3o sob medida para momentos especiais, com possibilidade de personaliza\u00e7\u00e3o conforme a proposta da celebra\u00e7\u00e3o.<\/p>\n","protected":false},"excerpt":{"rendered":"<p>Lembrancinha personalizada para anivers\u00e1rios, eventos e datas comemorativas.<\/p>\n","protected":false},"featured_media":0,"comment_status":"open","ping_status":"closed","template":"","meta":[],"product_brand":[],"product_cat":[19],"product_tag":[],"class_list":{"0":"post-20","1":"product","2":"type-product","3":"status-publish","5":"product_cat-lembrancas","7":"first","8":"instock","9":"featured","10":"shipping-taxable","11":"purchasable","12":"product-type-simple"},"_links":{"self":[{"href":"https:\/\/mrencantare.com.br\/index.php?rest_route=\/wp\/v2\/product\/20","targetHints":{"allow":["GET"]}}],"collection":[{"href":"https:\/\/mrencantare.com.br\/index.php?rest_route=\/wp\/v2\/product"}],"about":[{"href":"https:\/\/mrencantare.com.br\/index.php?rest_route=\/wp\/v2\/types\/product"}],"replies":[{"embeddable":true,"href":"https:\/\/mrencantare.com.br\/index.php?rest_route=%2Fwp%2Fv2%2Fcomments&post=20"}],"wp:attachment":[{"href":"https:\/\/mrencantare.com.br\/index.php?rest_route=%2Fwp%2Fv2%2Fmedia&parent=20"}],"wp:term":[{"taxonomy":"product_brand","embeddable":true,"href":"https:\/\/mrencantare.com.br\/index.php?rest_route=%2Fwp%2Fv2%2Fproduct_brand&post=20"},{"taxonomy":"product_cat","embeddable":true,"href":"https:\/\/mrencantare.com.br\/index.php?rest_route=%2Fwp%2Fv2%2Fproduct_cat&post=20"},{"taxonomy":"product_tag","embeddable":true,"href":"https:\/\/mrencantare.com.br\/index.php?rest_route=%2Fwp%2Fv2%2Fproduct_tag&post=20"}],"curies":[{"name":"wp","href":"https:\/\/api.w.org\/{rel}","templated":true}]}}